{"id":2998,"date":"2024-07-25T13:20:37","date_gmt":"2024-07-25T13:20:37","guid":{"rendered":"https:\/\/andrassythaihotel.com\/?page_id=2998"},"modified":"2024-07-26T10:54:17","modified_gmt":"2024-07-26T10:54:17","slug":"parking-garage","status":"publish","type":"page","link":"https:\/\/andrassythaihotel.com\/hu\/parking-garage\/","title":{"rendered":"Parkol\u00f3hely foglal\u00e1s"},"content":{"rendered":"<div data-elementor-type=\"wp-page\" data-elementor-id=\"2998\" class=\"elementor elementor-2998\" data-elementor-post-type=\"page\">\n\t\t\t\t\t\t<section class=\"elementor-section elementor-top-section elementor-element elementor-element-259bd1a0 elementor-section-height-min-height cs-section-content-fullwidth cs-parallax-on-scroll cs_scroll_y_80 elementor-section-boxed elementor-section-height-default elementor-section-items-middle\" data-id=\"259bd1a0\" data-element_type=\"section\" data-settings=\"{&quot;background_background&quot;:&quot;classic&quot;}\" data-cs-parallax-y=\"80\">\n\t\t\t\t\t\t\t<div class=\"elementor-background-overlay\"><\/div>\n\t\t\t\t\t\t\t<div class=\"elementor-container elementor-column-gap-no\">\n\t\t\t\t\t<div class=\"elementor-column elementor-col-100 elementor-top-column elementor-element elementor-element-45da27e9 dark-color\" data-id=\"45da27e9\" data-element_type=\"column\">\n\t\t\t<div class=\"elementor-widget-wrap elementor-element-populated\">\n\t\t\t\t\t\t<div class=\"elementor-element elementor-element-4fd9a28d elementor-widget elementor-widget-cs_title\" data-id=\"4fd9a28d\" data-element_type=\"widget\" data-widget_type=\"cs_title.default\">\n\t\t\t\t<div class=\"elementor-widget-container\">\n\t\t\t\n        <div class=\"cs-title-wrap text-center\">\t            <h1 class=\"cs-title\">\n\t                K\u00f6zeli parkol\u00f3h\u00e1zak\t            <\/h1>\t            <div class=\"cs-title-text\">\n\t                <p>Biztos\u00edtsa el\u0151re a parkol\u00f3helyet. Haszn\u00e1lja partner\u00fcnk foglal\u00e1si rendszer\u00e9t \u00e9s parkoltassa a legnagyobb biztons\u00e1gban aut\u00f3j\u00e1t.<\/p>\t            <\/div>        <\/div>\t\t<\/div>\n\t\t\t\t<\/div>\n\t\t\t\t<div class=\"elementor-element elementor-element-23ecfaa elementor-widget__width-auto elementor-align-center elementor-widget elementor-widget-cs_button\" data-id=\"23ecfaa\" data-element_type=\"widget\" data-widget_type=\"cs_button.default\">\n\t\t\t\t<div class=\"elementor-widget-container\">\n\t\t\t        <a href=\"https:\/\/budapestcarpark.com\/?location=%7B%22id%22%3A%22dXJuOm1ieHBvaTphMTgzMjk5ZC04ODAwLTQzM2YtOWVlZS1iMzkyMGVkYTc0MjI%22%2C%22name%22%3A%22Andrassy+Thai+Hotel%22%2C%22region%22%3A%221061+Budapest%2C+Hungary%22%2C%22countryId%22%3A%22HU%22%2C%22coordinates%22%3A%7B%22latitude%22%3A47.500183%2C%22longitude%22%3A19.055553%7D%2C%22maki%22%3A%22lodging%22%7D\" target=\"_blank\" class=\"elementor-button-link button cs-btn-pill cs-btn-with-icon\" role=\"button\">\n            <span class=\"cs-btn-text\">Foglaljon parkol\u00f3helyet<\/span>            \t<span class=\"cs-btn-icon arrow-3 icon-arrow\"><\/span>        <\/a>\t\t<\/div>\n\t\t\t\t<\/div>\n\t\t\t\t\t<\/div>\n\t\t<\/div>\n\t\t\t\t\t<\/div>\n\t\t<\/section>\n\t\t\t\t<section class=\"elementor-section elementor-top-section elementor-element elementor-element-2565b08f elementor-section-content-middle elementor-section-boxed elementor-section-height-default elementor-section-height-default\" data-id=\"2565b08f\" data-element_type=\"section\" data-settings=\"{&quot;background_background&quot;:&quot;classic&quot;}\">\n\t\t\t\t\t\t<div class=\"elementor-container elementor-column-gap-no\">\n\t\t\t\t\t<div class=\"elementor-column elementor-col-50 elementor-top-column elementor-element elementor-element-1eb90815\" data-id=\"1eb90815\" data-element_type=\"column\">\n\t\t\t<div class=\"elementor-widget-wrap elementor-element-populated\">\n\t\t\t\t\t\t<div class=\"elementor-element elementor-element-76f43325 cs-animation-small-offset elementor-invisible elementor-widget elementor-widget-image\" data-id=\"76f43325\" data-element_type=\"widget\" data-settings=\"{&quot;_animation&quot;:&quot;fadeInUp&quot;,&quot;_animation_delay&quot;:150}\" data-widget_type=\"image.default\">\n\t\t\t\t<div class=\"elementor-widget-container\">\n\t\t\t<style>\/*! elementor - v3.23.0 - 25-07-2024 *\/\n.elementor-widget-image{text-align:center}.elementor-widget-image a{display:inline-block}.elementor-widget-image a img[src$=\".svg\"]{width:48px}.elementor-widget-image img{vertical-align:middle;display:inline-block}<\/style>\t\t\t\t\t\t\t\t\t\t\t<a href=\"https:\/\/budapestcarpark.com\/?location=%7B%22id%22%3A%22dXJuOm1ieHBvaTphMTgzMjk5ZC04ODAwLTQzM2YtOWVlZS1iMzkyMGVkYTc0MjI%22%2C%22name%22%3A%22Andrassy+Thai+Hotel%22%2C%22region%22%3A%221061+Budapest%2C+Hungary%22%2C%22countryId%22%3A%22HU%22%2C%22coordinates%22%3A%7B%22latitude%22%3A47.500183%2C%22longitude%22%3A19.055553%7D%2C%22maki%22%3A%22lodging%22%7D\" target=\"_blank\" rel=\"noopener\">\n\t\t\t\t\t\t\t<img fetchpriority=\"high\" decoding=\"async\" width=\"2560\" height=\"1684\" src=\"https:\/\/andrassythaihotel.com\/wp-content\/uploads\/2024\/07\/AdobeStock_144969064-1-scaled.jpeg\" class=\"attachment-full size-full wp-image-3004\" alt=\"Andrassy Thai Hotel nearby Parking Garage\" srcset=\"https:\/\/andrassythaihotel.com\/wp-content\/uploads\/2024\/07\/AdobeStock_144969064-1-scaled.jpeg 2560w, https:\/\/andrassythaihotel.com\/wp-content\/uploads\/2024\/07\/AdobeStock_144969064-1-300x197.jpeg 300w, https:\/\/andrassythaihotel.com\/wp-content\/uploads\/2024\/07\/AdobeStock_144969064-1-1024x674.jpeg 1024w, https:\/\/andrassythaihotel.com\/wp-content\/uploads\/2024\/07\/AdobeStock_144969064-1-768x505.jpeg 768w, https:\/\/andrassythaihotel.com\/wp-content\/uploads\/2024\/07\/AdobeStock_144969064-1-1536x1011.jpeg 1536w, https:\/\/andrassythaihotel.com\/wp-content\/uploads\/2024\/07\/AdobeStock_144969064-1-2048x1347.jpeg 2048w, https:\/\/andrassythaihotel.com\/wp-content\/uploads\/2024\/07\/AdobeStock_144969064-1-18x12.jpeg 18w, https:\/\/andrassythaihotel.com\/wp-content\/uploads\/2024\/07\/AdobeStock_144969064-1-1920x1263.jpeg 1920w, https:\/\/andrassythaihotel.com\/wp-content\/uploads\/2024\/07\/AdobeStock_144969064-1-1440x947.jpeg 1440w, https:\/\/andrassythaihotel.com\/wp-content\/uploads\/2024\/07\/AdobeStock_144969064-1-1200x789.jpeg 1200w, https:\/\/andrassythaihotel.com\/wp-content\/uploads\/2024\/07\/AdobeStock_144969064-1-780x513.jpeg 780w, https:\/\/andrassythaihotel.com\/wp-content\/uploads\/2024\/07\/AdobeStock_144969064-1-600x395.jpeg 600w, https:\/\/andrassythaihotel.com\/wp-content\/uploads\/2024\/07\/AdobeStock_144969064-1-550x362.jpeg 550w, https:\/\/andrassythaihotel.com\/wp-content\/uploads\/2024\/07\/AdobeStock_144969064-1-370x243.jpeg 370w, https:\/\/andrassythaihotel.com\/wp-content\/uploads\/2024\/07\/AdobeStock_144969064-1-255x168.jpeg 255w\" sizes=\"(max-width: 2560px) 100vw, 2560px\" \/>\t\t\t\t\t\t\t\t<\/a>\n\t\t\t\t\t\t\t\t\t\t\t\t\t<\/div>\n\t\t\t\t<\/div>\n\t\t\t\t\t<\/div>\n\t\t<\/div>\n\t\t\t\t<div class=\"elementor-column elementor-col-50 elementor-top-column elementor-element elementor-element-2be53163\" data-id=\"2be53163\" data-element_type=\"column\">\n\t\t\t<div class=\"elementor-widget-wrap elementor-element-populated\">\n\t\t\t\t\t\t<div class=\"elementor-element elementor-element-16470583 elementor-widget elementor-widget-cs_title\" data-id=\"16470583\" data-element_type=\"widget\" data-widget_type=\"cs_title.default\">\n\t\t\t\t<div class=\"elementor-widget-container\">\n\t\t\t\n        <div class=\"cs-title-wrap\">\t            <div class=\"cs-subtitle-wrap\"><span class=\"cs-subtitle\">Kedvezm\u00e9nyes parkol\u00e1s az Andr\u00e1ssy Thai Hotel vend\u00e9geinek<\/span><\/div>\t            <h4 class=\"cs-title\">\n\t                \u0150rz\u00f6tt parkol\u00f3k a k\u00f6zelben\t            <\/h4>\t            <div class=\"cs-title-text\">\n\t                <p>Foglaljon parkol\u00f3helyet n\u00e9h\u00e1ny kattint\u00e1ssal a k\u00f6rnyez\u0151 m\u00e9lygar\u00e1zsok valamelyik\u00e9ben! Partner\u00fcnk a Budapest Car Park garanci\u00e1t v\u00e1llal j\u00e1rm\u0171ve biztons\u00e1g\u00e1\u00e9rt. Haszn\u00e1lja a THAIHOTEL10 kuponk\u00f3dot a 10%-os kedvezm\u00e9ny\u00e9rt!<\/p>\t            <\/div>        <\/div>\t\t<\/div>\n\t\t\t\t<\/div>\n\t\t\t\t<div class=\"elementor-element elementor-element-1b8128e elementor-widget__width-auto elementor-align-center elementor-widget elementor-widget-cs_button\" data-id=\"1b8128e\" data-element_type=\"widget\" data-widget_type=\"cs_button.default\">\n\t\t\t\t<div class=\"elementor-widget-container\">\n\t\t\t        <a href=\"https:\/\/budapestcarpark.com\/?location=%7B%22id%22%3A%22dXJuOm1ieHBvaTphMTgzMjk5ZC04ODAwLTQzM2YtOWVlZS1iMzkyMGVkYTc0MjI%22%2C%22name%22%3A%22Andrassy+Thai+Hotel%22%2C%22region%22%3A%221061+Budapest%2C+Hungary%22%2C%22countryId%22%3A%22HU%22%2C%22coordinates%22%3A%7B%22latitude%22%3A47.500183%2C%22longitude%22%3A19.055553%7D%2C%22maki%22%3A%22lodging%22%7D\" target=\"_blank\" class=\"elementor-button-link button cs-btn-pill cs-btn-with-icon\" role=\"button\">\n            <span class=\"cs-btn-text\">Foglaljon parkol\u00f3helyet<\/span>            \t<span class=\"cs-btn-icon arrow-3 icon-arrow\"><\/span>        <\/a>\t\t<\/div>\n\t\t\t\t<\/div>\n\t\t\t\t\t<\/div>\n\t\t<\/div>\n\t\t\t\t\t<\/div>\n\t\t<\/section>\n\t\t<div class=\"elementor-element elementor-element-4edb4d0 e-flex e-con-boxed e-con e-parent\" data-id=\"4edb4d0\" data-element_type=\"container\">\n\t\t\t\t\t<div class=\"e-con-inner\">\n\t\t\t\t<div class=\"elementor-element elementor-element-756e183 elementor-align-justify elementor-widget__width-auto elementor-widget elementor-widget-cs_button\" data-id=\"756e183\" data-element_type=\"widget\" data-widget_type=\"cs_button.default\">\n\t\t\t\t<div class=\"elementor-widget-container\">\n\t\t\t        <a href=\"https:\/\/budapestcarpark.com\/?location=%7B%22id%22%3A%22dXJuOm1ieHBvaTphMTgzMjk5ZC04ODAwLTQzM2YtOWVlZS1iMzkyMGVkYTc0MjI%22%2C%22name%22%3A%22Andrassy+Thai+Hotel%22%2C%22region%22%3A%221061+Budapest%2C+Hungary%22%2C%22countryId%22%3A%22HU%22%2C%22coordinates%22%3A%7B%22latitude%22%3A47.500183%2C%22longitude%22%3A19.055553%7D%2C%22maki%22%3A%22lodging%22%7D\" target=\"_blank\" class=\"elementor-button-link button cs-btn-pill cs-btn-with-icon\" role=\"button\">\n            <span class=\"cs-btn-text\">Foglaljon parkol\u00f3helyet<\/span>            \t<span class=\"cs-btn-icon arrow-3 icon-arrow\"><\/span>        <\/a>\t\t<\/div>\n\t\t\t\t<\/div>\n\t\t\t\t\t<\/div>\n\t\t\t\t<\/div>\n\t\t\t\t<\/div>","protected":false},"excerpt":{"rendered":"<p>Nearby parking garages Secure your parking lot in advance. Use our partner&#8217;s reservation system hereby and make the easiest way to keep your car in safe. Book a parking lot Nearby Andrassy thai hotel parking garage Stress-free Parking Garage Our trusted partner Budapest Car Park guarantees the safety of your vehicle. Book a parking space &#8230;<\/p>","protected":false},"author":1,"featured_media":0,"parent":0,"menu_order":0,"comment_status":"closed","ping_status":"closed","template":"elementor_header_footer","meta":{"cozystay_single_page_hide_site_header":"","cozystay_single_page_site_header_source":"","cozystay_single_page_custom_site_header":"0","cozystay_single_page_custom_sticky_site_header":"0","cozystay_single_page_hide_page_title":"on","cozystay_single_page_header_section_size":"","cozystay_single_page_header_background_color":"","cozystay_single_page_header_background_position_x":"center","cozystay_single_page_header_background_position_y":"center","cozystay_single_page_header_background_size":"cover","cozystay_single_page_header_background_repeat":"off","cozystay_single_page_header_background_scroll":"on","cozystay_single_page_header_text_color":"","cozystay_single_page_header_show_breadcrumb":"","cozystay_single_page_site_footer_hide_main":"","cozystay_single_custom_site_footer_main_source":"","cozystay_single_custom_site_footer_main":"0","cozystay_single_page_site_footer_hide_above":"","cozystay_single_custom_site_footer_above_source":"","cozystay_single_custom_site_footer_above":"0","cozystay_single_page_site_footer_hide_instagram":"","cozystay_single_page_site_footer_hide_bottom":"","cozystay_single_custom_mobile_menu_source":"","cozystay_single_custom_mobile_menu":"0","cozystay_single_custom_mobile_menu_animation":"","cozystay_single_custom_mobile_menu_width":"","cozystay_single_custom_mobile_menu_custom_width":375,"footnotes":""},"class_list":["post-2998","page","type-page","status-publish","hentry"],"_links":{"self":[{"href":"https:\/\/andrassythaihotel.com\/hu\/wp-json\/wp\/v2\/pages\/2998"}],"collection":[{"href":"https:\/\/andrassythaihotel.com\/hu\/wp-json\/wp\/v2\/pages"}],"about":[{"href":"https:\/\/andrassythaihotel.com\/hu\/wp-json\/wp\/v2\/types\/page"}],"author":[{"embeddable":true,"href":"https:\/\/andrassythaihotel.com\/hu\/wp-json\/wp\/v2\/users\/1"}],"replies":[{"embeddable":true,"href":"https:\/\/andrassythaihotel.com\/hu\/wp-json\/wp\/v2\/comments?post=2998"}],"version-history":[{"count":17,"href":"https:\/\/andrassythaihotel.com\/hu\/wp-json\/wp\/v2\/pages\/2998\/revisions"}],"predecessor-version":[{"id":3101,"href":"https:\/\/andrassythaihotel.com\/hu\/wp-json\/wp\/v2\/pages\/2998\/revisions\/3101"}],"wp:attachment":[{"href":"https:\/\/andrassythaihotel.com\/hu\/wp-json\/wp\/v2\/media?parent=2998"}],"curies":[{"name":"wp","href":"https:\/\/api.w.org\/{rel}","templated":true}]}}