{"id":271,"date":"2023-03-28T04:41:51","date_gmt":"2023-03-28T04:41:51","guid":{"rendered":"https:\/\/cozystay.loftocean.com\/apartment\/?page_id=271"},"modified":"2024-07-29T10:29:10","modified_gmt":"2024-07-29T10:29:10","slug":"local-activities","status":"publish","type":"page","link":"https:\/\/andrassythaihotel.com\/hu\/local-activities\/","title":{"rendered":"Helyi tev\u00e9kenys\u00e9gek"},"content":{"rendered":"<div data-elementor-type=\"wp-page\" data-elementor-id=\"271\" class=\"elementor elementor-271\" data-elementor-post-type=\"page\">\n\t\t\t\t\t\t<section class=\"elementor-section elementor-top-section elementor-element elementor-element-6e1c050c elementor-section-height-min-height cs-section-content-fullwidth cs-parallax-on-scroll cs_scroll_y_80 elementor-section-boxed elementor-section-height-default elementor-section-items-middle\" data-id=\"6e1c050c\" data-element_type=\"section\" data-settings=\"{&quot;background_background&quot;:&quot;classic&quot;}\" data-cs-parallax-y=\"80\" style=\"background-image: none;\" data-cs-background-image=\"https:\/\/andrassythaihotel.com\/wp-content\/uploads\/2024\/06\/16866.jpg\">\n\t\t\t\t\t\t\t<div class=\"elementor-background-overlay\"><\/div>\n\t\t\t\t\t\t\t<div class=\"elementor-container elementor-column-gap-no\">\n\t\t\t\t\t<div class=\"elementor-column elementor-col-100 elementor-top-column elementor-element elementor-element-a3b7434 dark-color\" data-id=\"a3b7434\" data-element_type=\"column\">\n\t\t\t<div class=\"elementor-widget-wrap elementor-element-populated\">\n\t\t\t\t\t\t<div class=\"elementor-element elementor-element-fc08beb elementor-widget elementor-widget-cs_title\" data-id=\"fc08beb\" data-element_type=\"widget\" data-widget_type=\"cs_title.default\">\n\t\t\t\t<div class=\"elementor-widget-container\">\n\t\t\t\n        <div class=\"cs-title-wrap text-center\">\t            <h1 class=\"cs-title\">\n\t                Fedezze fel Budapestet\t            <\/h1>\t            <div class=\"cs-title-text\">\n\t                <p>\u00dcdv\u00f6z\u00f6lj\u00fck Magyarorsz\u00e1g f\u0151v\u00e1ros\u00e1ban! V\u00e1rosunk h\u00edres a p\u00e1ratlan \u00e9p\u00edt\u00e9szet\u00e9r\u0151l, t\u00f6rt\u00e9nelmi term\u00e1lf\u00fcrd\u0151ir\u0151l \u00e9s a pezsg\u0151 kultur\u00e1lis \u00e9let\u00e9r\u0151l. A fest\u0151i Duna \u00e1ltal kett\u00e9osztott v\u00e1ros sz\u00e1mtalan izgalmas programmal \u00e9s l\u00e1tnival\u00f3val v\u00e1r \u00d6nre a budai \u00e9s a pesti oldalon is!<\/p><p>A fest\u0151i Duna \u00e1ltal kett\u00e9osztott v\u00e1ros z\u00f6kken\u0151mentesen \u00f6tv\u00f6zi t\u00f6rt\u00e9nelmi nevezetess\u00e9geinek pomp\u00e1j\u00e1t a modern v\u00e1rosi \u00e9leter\u0151vel.<\/p>\t            <\/div>        <\/div>\t\t<\/div>\n\t\t\t\t<\/div>\n\t\t\t\t\t<\/div>\n\t\t<\/div>\n\t\t\t\t\t<\/div>\n\t\t<\/section>\n\t\t\t\t<section class=\"elementor-section elementor-top-section elementor-element elementor-element-693ab6ca elementor-section-boxed elementor-section-height-default elementor-section-height-default\" data-id=\"693ab6ca\" data-element_type=\"section\">\n\t\t\t\t\t\t<div class=\"elementor-container elementor-column-gap-no\">\n\t\t\t\t\t<div class=\"elementor-column elementor-col-50 elementor-top-column elementor-element elementor-element-195d3034\" data-id=\"195d3034\" data-element_type=\"column\">\n\t\t\t<div class=\"elementor-widget-wrap elementor-element-populated\">\n\t\t\t\t\t\t<div class=\"elementor-element elementor-element-2f211818 elementor-widget elementor-widget-cs_call_to_action\" data-id=\"2f211818\" data-element_type=\"widget\" data-widget_type=\"cs_call_to_action.default\">\n\t\t\t\t<div class=\"elementor-widget-container\">\n\t\t\t\n\t\t<div class=\"cs-cta cta-layout-text-normal text-center cta-hover-img-zoom\">\n            <div class=\"cs-cta-wrap\">\t\t                <div class=\"cs-cta-img-wrap\">\n\t\t\t\t\t        <div class=\"cs-cta-img\">\n\t\t\t\t\t            <img fetchpriority=\"high\" decoding=\"async\" width=\"550\" height=\"367\" src=\"https:\/\/andrassythaihotel.com\/wp-content\/uploads\/2024\/06\/andrassy_thai_hotel_budapest_madame_tussaud_My-550x367.jpeg\" class=\"attachment-cozystay_550x9999 size-cozystay_550x9999 wp-image-2192\" alt=\"Andrassy Thai Hotel Budapest Madame Tussaud local activities\" srcset=\"https:\/\/andrassythaihotel.com\/wp-content\/uploads\/2024\/06\/andrassy_thai_hotel_budapest_madame_tussaud_My-550x367.jpeg 550w, https:\/\/andrassythaihotel.com\/wp-content\/uploads\/2024\/06\/andrassy_thai_hotel_budapest_madame_tussaud_My-300x200.jpeg 300w, https:\/\/andrassythaihotel.com\/wp-content\/uploads\/2024\/06\/andrassy_thai_hotel_budapest_madame_tussaud_My-1024x683.jpeg 1024w, https:\/\/andrassythaihotel.com\/wp-content\/uploads\/2024\/06\/andrassy_thai_hotel_budapest_madame_tussaud_My-768x512.jpeg 768w, https:\/\/andrassythaihotel.com\/wp-content\/uploads\/2024\/06\/andrassy_thai_hotel_budapest_madame_tussaud_My-1536x1024.jpeg 1536w, https:\/\/andrassythaihotel.com\/wp-content\/uploads\/2024\/06\/andrassy_thai_hotel_budapest_madame_tussaud_My-1920x1280.jpeg 1920w, https:\/\/andrassythaihotel.com\/wp-content\/uploads\/2024\/06\/andrassy_thai_hotel_budapest_madame_tussaud_My-1440x960.jpeg 1440w, https:\/\/andrassythaihotel.com\/wp-content\/uploads\/2024\/06\/andrassy_thai_hotel_budapest_madame_tussaud_My-1200x800.jpeg 1200w, https:\/\/andrassythaihotel.com\/wp-content\/uploads\/2024\/06\/andrassy_thai_hotel_budapest_madame_tussaud_My-780x520.jpeg 780w, https:\/\/andrassythaihotel.com\/wp-content\/uploads\/2024\/06\/andrassy_thai_hotel_budapest_madame_tussaud_My-600x400.jpeg 600w, https:\/\/andrassythaihotel.com\/wp-content\/uploads\/2024\/06\/andrassy_thai_hotel_budapest_madame_tussaud_My-370x247.jpeg 370w, https:\/\/andrassythaihotel.com\/wp-content\/uploads\/2024\/06\/andrassy_thai_hotel_budapest_madame_tussaud_My-255x170.jpeg 255w, https:\/\/andrassythaihotel.com\/wp-content\/uploads\/2024\/06\/andrassy_thai_hotel_budapest_madame_tussaud_My.jpeg 2048w\" sizes=\"(max-width: 550px) 100vw, 550px\" \/>\t\t\t\t\t        <\/div>\n\t\t\t\t\t        <div class=\"cs-offset-border\"><\/div>\n\t\t\t\t\t\t<\/div>                <div class=\"cs-cta-overlay\"><\/div>                \t<div class=\"cs-cta-label label-top-left\">\n\t\t\t\t\t   <div class=\"cs-cta-label-text\">nagyszer\u0171 \u00e9lm\u00e9ny<\/div>\n\t\t\t\t\t<\/div>\n                <div class=\"cs-cta-content\">\t\t\t\t\t<div class=\"cs-subtitle-wrap\"><span class=\"cs-subtitle\">fedezze fel a t\u00f6rt\u00e9nelmet<\/span><\/div>\t\t            <h6 class=\"cs-cta-title cs-title\">\n\t\t                Ki\u00e1ll\u00edt\u00e1sok \u00e9s m\u00fazeum\t\t            <\/h6>\t\t            <div class=\"cs-cta-text\">\n\t\t                <p>Budapest m\u00fazeumok gazdag t\u00e1rh\u00e1z\u00e1val b\u00fcszk\u00e9lkedhet, amelyek mindegyike egyedi betekint\u00e9st ny\u00fajt a v\u00e1ros vibr\u00e1l\u00f3 t\u00f6rt\u00e9nelm\u00e9be \u00e9s kult\u00far\u00e1j\u00e1ba. Az 1802-ben alap\u00edtott Magyar Nemzeti M\u00fazeum h\u00edres t\u00f6rt\u00e9nelmi t\u00e1rgyak \u00e9s ki\u00e1ll\u00edt\u00e1sok sz\u00e9les k\u00f6r\u0171 gy\u0171jtem\u00e9ny\u00e9r\u0151l. A Sz\u00e9pm\u0171v\u00e9szeti M\u00fazeum a H\u0151s\u00f6k ter\u00e9n tal\u00e1lhat\u00f3, leny\u0171g\u00f6z\u0151 eur\u00f3pai m\u0171v\u00e9szeti gy\u0171jtem\u00e9nynek ad otthont, t\u00f6bbek k\u00f6z\u00f6tt El Greco, Raffaello \u00e9s Rembrandt m\u0171veinek.\u00a0<\/p>\t\t            <\/div>\t                <div class=\"cs-cta-btn\">\n\t                    <a class=\"button cs-btn-small cs-btn-pill cs-btn-with-icon\" role=\"button\" href=\"https:\/\/andrassythaihotel.com\/hu\/museums\/\" target=\"_blank\">\n\t                        <span class=\"cs-btn-text\">Fedezzen fel t\u00f6bbet<\/span>\t\t\t\t            \t<span class=\"cs-btn-icon arrow-3 icon-arrow\"><\/span>\t                    <\/a>\n\t                <\/div>\t\t\t<\/div>                <a class=\"cs-cta-link\" href=\"https:\/\/andrassythaihotel.com\/hu\/museums\/\" target=\"_blank\"><\/a>            <\/div>\n        <\/div>\t\t<\/div>\n\t\t\t\t<\/div>\n\t\t\t\t\t<\/div>\n\t\t<\/div>\n\t\t\t\t<div class=\"elementor-column elementor-col-50 elementor-top-column elementor-element elementor-element-85810be\" data-id=\"85810be\" data-element_type=\"column\">\n\t\t\t<div class=\"elementor-widget-wrap elementor-element-populated\">\n\t\t\t\t\t\t<div class=\"elementor-element elementor-element-d6fa139 elementor-widget elementor-widget-cs_call_to_action\" data-id=\"d6fa139\" data-element_type=\"widget\" data-widget_type=\"cs_call_to_action.default\">\n\t\t\t\t<div class=\"elementor-widget-container\">\n\t\t\t\n\t\t<div class=\"cs-cta cta-layout-text-normal text-center cta-hover-img-zoom\">\n            <div class=\"cs-cta-wrap\">\t\t                <div class=\"cs-cta-img-wrap\">\n\t\t\t\t\t        <div class=\"cs-cta-img\">\n\t\t\t\t\t            <img decoding=\"async\" width=\"550\" height=\"367\" src=\"https:\/\/andrassythaihotel.com\/wp-content\/uploads\/2024\/06\/andrassy_thai_hotel_budapest_AdobeStock_136431266-550x367.jpeg\" class=\"attachment-cozystay_550x9999 size-cozystay_550x9999 wp-image-2086\" alt=\"\" srcset=\"https:\/\/andrassythaihotel.com\/wp-content\/uploads\/2024\/06\/andrassy_thai_hotel_budapest_AdobeStock_136431266-550x367.jpeg 550w, https:\/\/andrassythaihotel.com\/wp-content\/uploads\/2024\/06\/andrassy_thai_hotel_budapest_AdobeStock_136431266-300x200.jpeg 300w, https:\/\/andrassythaihotel.com\/wp-content\/uploads\/2024\/06\/andrassy_thai_hotel_budapest_AdobeStock_136431266-1024x683.jpeg 1024w, https:\/\/andrassythaihotel.com\/wp-content\/uploads\/2024\/06\/andrassy_thai_hotel_budapest_AdobeStock_136431266-768x512.jpeg 768w, https:\/\/andrassythaihotel.com\/wp-content\/uploads\/2024\/06\/andrassy_thai_hotel_budapest_AdobeStock_136431266-780x520.jpeg 780w, https:\/\/andrassythaihotel.com\/wp-content\/uploads\/2024\/06\/andrassy_thai_hotel_budapest_AdobeStock_136431266-600x400.jpeg 600w, https:\/\/andrassythaihotel.com\/wp-content\/uploads\/2024\/06\/andrassy_thai_hotel_budapest_AdobeStock_136431266-370x247.jpeg 370w, https:\/\/andrassythaihotel.com\/wp-content\/uploads\/2024\/06\/andrassy_thai_hotel_budapest_AdobeStock_136431266-255x170.jpeg 255w, https:\/\/andrassythaihotel.com\/wp-content\/uploads\/2024\/06\/andrassy_thai_hotel_budapest_AdobeStock_136431266.jpeg 1200w\" sizes=\"(max-width: 550px) 100vw, 550px\" \/>\t\t\t\t\t        <\/div>\n\t\t\t\t\t        <div class=\"cs-offset-border\"><\/div>\n\t\t\t\t\t\t<\/div>                <div class=\"cs-cta-overlay\"><\/div>                \t<div class=\"cs-cta-label label-top-left\">\n\t\t\t\t\t   <div class=\"cs-cta-label-text\">El\u00e9g k\u00f6zel<\/div>\n\t\t\t\t\t<\/div>\n                <div class=\"cs-cta-content\">\t\t\t\t\t<div class=\"cs-subtitle-wrap\"><span class=\"cs-subtitle\">M\u0171v\u00e9szet \u00e9s kult\u00fara<\/span><\/div>\t\t            <h6 class=\"cs-cta-title cs-title\">\n\t\t                Vall\u00e1sok \u00e9s kult\u00fara\t\t            <\/h6>\t\t            <div class=\"cs-cta-text\">\n\t\t                <p>Budapest a vall\u00e1sok \u00e9s kult\u00far\u00e1k olvaszt\u00f3t\u00e9gelye, ami t\u00fckr\u00f6zi gazdag t\u00f6rt\u00e9nelm\u00e9t \u00e9s soksz\u00edn\u0171 lakoss\u00e1g\u00e1t. A v\u00e1ros uralkod\u00f3 vall\u00e1sa a kereszt\u00e9nys\u00e9g, a t\u00f6bbs\u00e9g r\u00f3mai katolikus, amelyet jelent\u0151s protest\u00e1ns \u00e9s ortodox kereszt\u00e9ny k\u00f6z\u00f6ss\u00e9gek k\u00f6vetnek. A v\u00e1ros sz\u00e1mos ikonikus templomnak ad otthont, k\u00f6zt\u00fck a Szent Istv\u00e1n-bazilik\u00e1nak, Budapest legnagyobb templom\u00e1nak \u00e9s a leny\u0171g\u00f6z\u0151 \u00e9p\u00edt\u00e9szet\u00e9r\u0151l \u00e9s t\u00f6rt\u00e9nelmi jelent\u0151s\u00e9g\u00e9r\u0151l ismert M\u00e1ty\u00e1s-templomnak.<\/p>\t\t            <\/div>\t                <div class=\"cs-cta-btn\">\n\t                    <a class=\"button cs-btn-small cs-btn-pill cs-btn-with-icon\" role=\"button\" href=\"https:\/\/andrassythaihotel.com\/hu\/religions-culture\/\" target=\"_blank\">\n\t                        <span class=\"cs-btn-text\">Fedezzen fel t\u00f6bbet<\/span>\t\t\t\t            \t<span class=\"cs-btn-icon arrow-3 icon-arrow\"><\/span>\t                    <\/a>\n\t                <\/div>\t\t\t<\/div>                <a class=\"cs-cta-link\" href=\"https:\/\/andrassythaihotel.com\/hu\/religions-culture\/\" target=\"_blank\"><\/a>            <\/div>\n        <\/div>\t\t<\/div>\n\t\t\t\t<\/div>\n\t\t\t\t\t<\/div>\n\t\t<\/div>\n\t\t\t\t\t<\/div>\n\t\t<\/section>\n\t\t\t\t<section class=\"elementor-section elementor-top-section elementor-element elementor-element-6af84fd elementor-section-boxed elementor-section-height-default elementor-section-height-default\" data-id=\"6af84fd\" data-element_type=\"section\">\n\t\t\t\t\t\t<div class=\"elementor-container elementor-column-gap-no\">\n\t\t\t\t\t<div class=\"elementor-column elementor-col-50 elementor-top-column elementor-element elementor-element-dc43541\" data-id=\"dc43541\" data-element_type=\"column\">\n\t\t\t<div class=\"elementor-widget-wrap elementor-element-populated\">\n\t\t\t\t\t\t<div class=\"elementor-element elementor-element-cec94cc elementor-widget elementor-widget-cs_call_to_action\" data-id=\"cec94cc\" data-element_type=\"widget\" data-widget_type=\"cs_call_to_action.default\">\n\t\t\t\t<div class=\"elementor-widget-container\">\n\t\t\t\n\t\t<div class=\"cs-cta cta-layout-text-normal text-center cta-hover-img-zoom\">\n            <div class=\"cs-cta-wrap\">\t\t                <div class=\"cs-cta-img-wrap\">\n\t\t\t\t\t        <div class=\"cs-cta-img\">\n\t\t\t\t\t            <img decoding=\"async\" width=\"550\" height=\"367\" src=\"https:\/\/andrassythaihotel.com\/wp-content\/uploads\/2024\/06\/andrassy_thai_hotel_budapest_AdobeStock_561710156-550x367.jpeg\" class=\"attachment-cozystay_550x9999 size-cozystay_550x9999 wp-image-2097\" alt=\"\" srcset=\"https:\/\/andrassythaihotel.com\/wp-content\/uploads\/2024\/06\/andrassy_thai_hotel_budapest_AdobeStock_561710156-550x367.jpeg 550w, https:\/\/andrassythaihotel.com\/wp-content\/uploads\/2024\/06\/andrassy_thai_hotel_budapest_AdobeStock_561710156-300x200.jpeg 300w, https:\/\/andrassythaihotel.com\/wp-content\/uploads\/2024\/06\/andrassy_thai_hotel_budapest_AdobeStock_561710156-1024x683.jpeg 1024w, https:\/\/andrassythaihotel.com\/wp-content\/uploads\/2024\/06\/andrassy_thai_hotel_budapest_AdobeStock_561710156-768x512.jpeg 768w, https:\/\/andrassythaihotel.com\/wp-content\/uploads\/2024\/06\/andrassy_thai_hotel_budapest_AdobeStock_561710156-780x520.jpeg 780w, https:\/\/andrassythaihotel.com\/wp-content\/uploads\/2024\/06\/andrassy_thai_hotel_budapest_AdobeStock_561710156-600x400.jpeg 600w, https:\/\/andrassythaihotel.com\/wp-content\/uploads\/2024\/06\/andrassy_thai_hotel_budapest_AdobeStock_561710156-370x247.jpeg 370w, https:\/\/andrassythaihotel.com\/wp-content\/uploads\/2024\/06\/andrassy_thai_hotel_budapest_AdobeStock_561710156-255x170.jpeg 255w, https:\/\/andrassythaihotel.com\/wp-content\/uploads\/2024\/06\/andrassy_thai_hotel_budapest_AdobeStock_561710156.jpeg 1200w\" sizes=\"(max-width: 550px) 100vw, 550px\" \/>\t\t\t\t\t        <\/div>\n\t\t\t\t\t        <div class=\"cs-offset-border\"><\/div>\n\t\t\t\t\t\t<\/div>                <div class=\"cs-cta-overlay\"><\/div>                \t<div class=\"cs-cta-label label-top-left\">\n\t\t\t\t\t   <div class=\"cs-cta-label-text\">a v\u00e1rosj\u00e1r\u00f3k sz\u00e1m\u00e1ra <\/div>\n\t\t\t\t\t<\/div>\n                <div class=\"cs-cta-content\">\t\t\t\t\t<div class=\"cs-subtitle-wrap\"><span class=\"cs-subtitle\">a term\u00e9szetben<\/span><\/div>\t\t            <h6 class=\"cs-cta-title cs-title\">\n\t\t                Terek \u00e9s parkok\t\t            <\/h6>\t\t            <div class=\"cs-cta-text\">\n\t\t                <p>A Budapest V\u00e1rosliget, m\u00e1s n\u00e9ven V\u00e1rosliget egy hatalmas z\u00f6ldter\u00fclet, amely olyan nevezetes l\u00e1tnival\u00f3knak ad otthont, mint a Sz\u00e9chenyi Gy\u00f3gyf\u00fcrd\u0151 \u00e9s a F\u0151v\u00e1rosi \u00c1llatkert. A pihen\u00e9sre \u00e9s szabadid\u0151s tev\u00e9kenys\u00e9gekre v\u00e1gy\u00f3 helyiek \u00e9s turist\u00e1k k\u00f6r\u00e9ben egyar\u00e1nt n\u00e9pszer\u0171 c\u00e9lpont.\u00a0<\/p>\t\t            <\/div>\t                <div class=\"cs-cta-btn\">\n\t                    <a class=\"button cs-btn-small cs-btn-pill cs-btn-with-icon\" role=\"button\" href=\"https:\/\/andrassythaihotel.com\/hu\/squares-parks\/\" target=\"_blank\">\n\t                        <span class=\"cs-btn-text\">Fedezzen fel t\u00f6bbet<\/span>\t\t\t\t            \t<span class=\"cs-btn-icon arrow-3 icon-arrow\"><\/span>\t                    <\/a>\n\t                <\/div>\t\t\t<\/div>                <a class=\"cs-cta-link\" href=\"https:\/\/andrassythaihotel.com\/hu\/squares-parks\/\" target=\"_blank\"><\/a>            <\/div>\n        <\/div>\t\t<\/div>\n\t\t\t\t<\/div>\n\t\t\t\t\t<\/div>\n\t\t<\/div>\n\t\t\t\t<div class=\"elementor-column elementor-col-50 elementor-top-column elementor-element elementor-element-f5a669c\" data-id=\"f5a669c\" data-element_type=\"column\">\n\t\t\t<div class=\"elementor-widget-wrap elementor-element-populated\">\n\t\t\t\t\t\t<div class=\"elementor-element elementor-element-f389e39 elementor-widget elementor-widget-cs_call_to_action\" data-id=\"f389e39\" data-element_type=\"widget\" data-widget_type=\"cs_call_to_action.default\">\n\t\t\t\t<div class=\"elementor-widget-container\">\n\t\t\t\n\t\t<div class=\"cs-cta cta-layout-text-normal text-center cta-hover-img-zoom\">\n            <div class=\"cs-cta-wrap\">\t\t                <div class=\"cs-cta-img-wrap\">\n\t\t\t\t\t        <div class=\"cs-cta-img\">\n\t\t\t\t\t            <img loading=\"lazy\" decoding=\"async\" width=\"550\" height=\"367\" src=\"https:\/\/andrassythaihotel.com\/wp-content\/uploads\/2024\/06\/andrassy_thai_hotel_budapest_AdobeStock_338713392-550x367.jpeg\" class=\"attachment-cozystay_550x9999 size-cozystay_550x9999 wp-image-2095\" alt=\"\" srcset=\"https:\/\/andrassythaihotel.com\/wp-content\/uploads\/2024\/06\/andrassy_thai_hotel_budapest_AdobeStock_338713392-550x367.jpeg 550w, https:\/\/andrassythaihotel.com\/wp-content\/uploads\/2024\/06\/andrassy_thai_hotel_budapest_AdobeStock_338713392-300x200.jpeg 300w, https:\/\/andrassythaihotel.com\/wp-content\/uploads\/2024\/06\/andrassy_thai_hotel_budapest_AdobeStock_338713392-1024x684.jpeg 1024w, https:\/\/andrassythaihotel.com\/wp-content\/uploads\/2024\/06\/andrassy_thai_hotel_budapest_AdobeStock_338713392-768x513.jpeg 768w, https:\/\/andrassythaihotel.com\/wp-content\/uploads\/2024\/06\/andrassy_thai_hotel_budapest_AdobeStock_338713392-780x521.jpeg 780w, https:\/\/andrassythaihotel.com\/wp-content\/uploads\/2024\/06\/andrassy_thai_hotel_budapest_AdobeStock_338713392-600x401.jpeg 600w, https:\/\/andrassythaihotel.com\/wp-content\/uploads\/2024\/06\/andrassy_thai_hotel_budapest_AdobeStock_338713392-370x247.jpeg 370w, https:\/\/andrassythaihotel.com\/wp-content\/uploads\/2024\/06\/andrassy_thai_hotel_budapest_AdobeStock_338713392-255x170.jpeg 255w, https:\/\/andrassythaihotel.com\/wp-content\/uploads\/2024\/06\/andrassy_thai_hotel_budapest_AdobeStock_338713392.jpeg 1200w\" sizes=\"(max-width: 550px) 100vw, 550px\" \/>\t\t\t\t\t        <\/div>\n\t\t\t\t\t        <div class=\"cs-offset-border\"><\/div>\n\t\t\t\t\t\t<\/div>                <div class=\"cs-cta-overlay\"><\/div>                \t<div class=\"cs-cta-label label-top-left\">\n\t\t\t\t\t   <div class=\"cs-cta-label-text\">nagyszer\u0171 \u00e9lm\u00e9ny<\/div>\n\t\t\t\t\t<\/div>\n                <div class=\"cs-cta-content\">\t\t\t\t\t<div class=\"cs-subtitle-wrap\"><span class=\"cs-subtitle\">F\u00fcrd\u00e9si \u00e9lm\u00e9ny<\/span><\/div>\t\t            <h6 class=\"cs-cta-title cs-title\">\n\t\t                Term\u00e1lf\u00fcrd\u0151k\t\t            <\/h6>\t\t            <div class=\"cs-cta-text\">\n\t\t                <p>Budapest h\u00edres t\u00f6rt\u00e9nelmi term\u00e1lf\u00fcrd\u0151ir\u0151l, amelyek \u00e1sv\u00e1nyi anyagokban gazdag viz\u00fckkel egyed\u00fcl\u00e1ll\u00f3 \u00e9s pihentet\u0151 \u00e9lm\u00e9nyt ny\u00fajtanak. Az olyan ikonikus f\u00fcrd\u0151k, mint a Sz\u00e9chenyi \u00e9s a Gell\u00e9rt, gy\u00f6ny\u00f6r\u0171 \u00e9p\u00edt\u00e9szeti megold\u00e1sokkal rendelkeznek, \u00e9s bepillant\u00e1st engednek a v\u00e1ros gazdag f\u00fcrd\u0151kult\u00far\u00e1j\u00e1ba.<\/p>\t\t            <\/div>\t                <div class=\"cs-cta-btn\">\n\t                    <a class=\"button cs-btn-small cs-btn-pill cs-btn-with-icon\" role=\"button\" href=\"https:\/\/andrassythaihotel.com\/hu\/thermal-baths\/\" target=\"_blank\">\n\t                        <span class=\"cs-btn-text\">Fedezzen fel t\u00f6bbet<\/span>\t\t\t\t            \t<span class=\"cs-btn-icon arrow-3 icon-arrow\"><\/span>\t                    <\/a>\n\t                <\/div>\t\t\t<\/div>                <a class=\"cs-cta-link\" href=\"https:\/\/andrassythaihotel.com\/hu\/thermal-baths\/\" target=\"_blank\"><\/a>            <\/div>\n        <\/div>\t\t<\/div>\n\t\t\t\t<\/div>\n\t\t\t\t\t<\/div>\n\t\t<\/div>\n\t\t\t\t\t<\/div>\n\t\t<\/section>\n\t\t\t\t<\/div>","protected":false},"excerpt":{"rendered":"<p>Discover Budapest You are in a city which is the capital of Hungary, renowned for its stunning architecture, historic thermal baths, and vibrant cultural scene. Many many exciting local activities is waiting for you. Split by the picturesque Danube River, the city seamlessly blends the grandeur of its historic landmarks with modern urban vitality. great &#8230;<\/p>","protected":false},"author":1,"featured_media":0,"parent":0,"menu_order":0,"comment_status":"closed","ping_status":"closed","template":"template-wide-content.php","meta":{"cozystay_single_page_hide_site_header":"","cozystay_single_page_site_header_source":"","cozystay_single_page_custom_site_header":"0","cozystay_single_page_custom_sticky_site_header":"0","cozystay_single_page_hide_page_title":"on","cozystay_single_page_header_section_size":"","cozystay_single_page_header_background_color":"","cozystay_single_page_header_background_position_x":"center","cozystay_single_page_header_background_position_y":"center","cozystay_single_page_header_background_size":"cover","cozystay_single_page_header_background_repeat":"off","cozystay_single_page_header_background_scroll":"on","cozystay_single_page_header_text_color":"","cozystay_single_page_header_show_breadcrumb":"","cozystay_single_page_site_footer_hide_main":"","cozystay_single_custom_site_footer_main_source":"","cozystay_single_custom_site_footer_main":"0","cozystay_single_page_site_footer_hide_above":"","cozystay_single_custom_site_footer_above_source":"","cozystay_single_custom_site_footer_above":"0","cozystay_single_page_site_footer_hide_instagram":"","cozystay_single_page_site_footer_hide_bottom":"","cozystay_single_custom_mobile_menu_source":"","cozystay_single_custom_mobile_menu":"0","cozystay_single_custom_mobile_menu_animation":"","cozystay_single_custom_mobile_menu_width":"","cozystay_single_custom_mobile_menu_custom_width":375,"footnotes":""},"class_list":["post-271","page","type-page","status-publish","hentry"],"_links":{"self":[{"href":"https:\/\/andrassythaihotel.com\/hu\/wp-json\/wp\/v2\/pages\/271"}],"collection":[{"href":"https:\/\/andrassythaihotel.com\/hu\/wp-json\/wp\/v2\/pages"}],"about":[{"href":"https:\/\/andrassythaihotel.com\/hu\/wp-json\/wp\/v2\/types\/page"}],"author":[{"embeddable":true,"href":"https:\/\/andrassythaihotel.com\/hu\/wp-json\/wp\/v2\/users\/1"}],"replies":[{"embeddable":true,"href":"https:\/\/andrassythaihotel.com\/hu\/wp-json\/wp\/v2\/comments?post=271"}],"version-history":[{"count":28,"href":"https:\/\/andrassythaihotel.com\/hu\/wp-json\/wp\/v2\/pages\/271\/revisions"}],"predecessor-version":[{"id":3137,"href":"https:\/\/andrassythaihotel.com\/hu\/wp-json\/wp\/v2\/pages\/271\/revisions\/3137"}],"wp:attachment":[{"href":"https:\/\/andrassythaihotel.com\/hu\/wp-json\/wp\/v2\/media?parent=271"}],"curies":[{"name":"wp","href":"https:\/\/api.w.org\/{rel}","templated":true}]}}