{"id":1002,"date":"2023-04-22T07:58:56","date_gmt":"2023-04-22T07:58:56","guid":{"rendered":"https:\/\/cozystay.loftocean.com\/apartment\/?page_id=1002"},"modified":"2024-06-11T11:54:02","modified_gmt":"2024-06-11T11:54:02","slug":"our-blog","status":"publish","type":"page","link":"https:\/\/andrassythaihotel.com\/hu\/our-blog\/","title":{"rendered":"Blogunk"},"content":{"rendered":"<div data-elementor-type=\"wp-page\" data-elementor-id=\"1002\" class=\"elementor elementor-1002\" data-elementor-post-type=\"page\">\n\t\t\t\t\t\t<section class=\"elementor-section elementor-top-section elementor-element elementor-element-df19b59 elementor-section-height-min-height cs-section-content-fullwidth cs-parallax-on-scroll cs_scroll_y_80 elementor-section-boxed elementor-section-height-default elementor-section-items-middle\" data-id=\"df19b59\" data-element_type=\"section\" data-settings=\"{&quot;background_background&quot;:&quot;classic&quot;}\" data-cs-parallax-y=\"80\" style=\"background-image: none;\" data-cs-background-image=\"https:\/\/cozystay.loftocean.com\/apartment\/wp-content\/uploads\/sites\/6\/2023\/05\/spacejoy-vPKNB_gc23Q-unsplash.jpg\">\n\t\t\t\t\t\t\t<div class=\"elementor-background-overlay\"><\/div>\n\t\t\t\t\t\t\t<div class=\"elementor-container elementor-column-gap-no\">\n\t\t\t\t\t<div class=\"elementor-column elementor-col-100 elementor-top-column elementor-element elementor-element-398db92 dark-color\" data-id=\"398db92\" data-element_type=\"column\">\n\t\t\t<div class=\"elementor-widget-wrap elementor-element-populated\">\n\t\t\t\t\t\t<div class=\"elementor-element elementor-element-768b25f elementor-widget elementor-widget-cs_title\" data-id=\"768b25f\" data-element_type=\"widget\" data-widget_type=\"cs_title.default\">\n\t\t\t\t<div class=\"elementor-widget-container\">\n\t\t\t\n        <div class=\"cs-title-wrap text-center\">\t            <h1 class=\"cs-title\">\n\t                Blogunk\t            <\/h1>\t            <div class=\"cs-title-text\">\n\t                <p>N\u00e9zze meg a sz\u00e1lloda legfrissebb h\u00edreit \u00e9s esem\u00e9nyeit<\/p>\t            <\/div>        <\/div>\t\t<\/div>\n\t\t\t\t<\/div>\n\t\t\t\t\t<\/div>\n\t\t<\/div>\n\t\t\t\t\t<\/div>\n\t\t<\/section>\n\t\t\t\t<section class=\"elementor-section elementor-top-section elementor-element elementor-element-fe1806c elementor-section-boxed elementor-section-height-default elementor-section-height-default\" data-id=\"fe1806c\" data-element_type=\"section\">\n\t\t\t\t\t\t<div class=\"elementor-container elementor-column-gap-no\">\n\t\t\t\t\t<div class=\"elementor-column elementor-col-100 elementor-top-column elementor-element elementor-element-9c076c5\" data-id=\"9c076c5\" data-element_type=\"column\">\n\t\t\t<div class=\"elementor-widget-wrap elementor-element-populated\">\n\t\t\t\t\t\t<div class=\"elementor-element elementor-element-1c8288f cs-animation-small-offset elementor-invisible elementor-widget elementor-widget-cs_blog\" data-id=\"1c8288f\" data-element_type=\"widget\" data-settings=\"{&quot;_animation&quot;:&quot;fadeInUp&quot;,&quot;_animation_delay&quot;:150}\" data-widget_type=\"cs_blog.default\">\n\t\t\t\t<div class=\"elementor-widget-container\">\n\t\t\t\t\t\t\t<div class=\"posts layout-grid column-2 img-ratio-3-2\" data-settings='{\"query\":{\"paged\":1,\"posts_per_page\":4,\"ignore_sticky_posts\":true,\"post_type\":\"post\",\"post_status\":\"publish\"},\"settings\":{\"layout\":\"grid\",\"columns\":\"2\",\"post_meta\":\"a:4:{i:0;s:7:\\\"excerpt\\\";i:1;s:13:\\\"read_more_btn\\\";i:2;s:8:\\\"category\\\";i:3;s:4:\\\"date\\\";}\",\"page_layout\":\"\",\"pagination\":\"ajax-manual\",\"archive_page\":\"elementor\"}}'>\n\t\t\t\t\t\t\t\t\t<div class=\"posts-wrapper\">\n<article class=\"post-1 post type-post status-publish format-standard hentry category-uncategorized\">\n    \n    <div class=\"post-content\">\n        <header class=\"post-header\">            <div class=\"meta-wrap\">\t\t\t<div class=\"cat-links\"><a href=\"https:\/\/andrassythaihotel.com\/hu\/category\/uncategorized\/\" rel=\"tag\">Nincs kategoriz\u00e1lva<\/a><\/div>            <\/div>    <h2 class=\"post-title\">\n        <a href=\"https:\/\/andrassythaihotel.com\/hu\/2024\/06\/11\/hello-world\/\">Hell\u00f3 vil\u00e1g!<\/a>\n    <\/h2>        <\/header>\t\t<div class=\"post-excerpt\"><p>\u00dcdv\u00f6z\u00f6lj\u00fck a WordPressn\u00e9l. Ez az els\u0151 hozz\u00e1sz\u00f3l\u00e1sod. Szerkeszd vagy t\u00f6r\u00f6ld, majd kezdj el \u00edrni!<\/p>\n<\/div>             <footer class=\"post-footer\">        <div class=\"more-btn\">\n            <a class=\"read-more-btn button cs-btn-underline\" href=\"https:\/\/andrassythaihotel.com\/hu\/2024\/06\/11\/hello-world\/\"><span>Olvass tov\u00e1bb<\/span><\/a>\n        <\/div>            <\/footer>    <\/div>\n<\/article>\n\n<article class=\"post-142 post type-post status-publish format-gallery hentry category-sightseeing category-wellness tag-mountain tag-nature tag-special-events tag-summer post_format-post-format-gallery\">\n            <div class=\"featured-img\">\n            <a href=\"https:\/\/andrassythaihotel.com\/hu\/2023\/03\/24\/city-skyline-in-summer\/\"><\/a>\n            <div class=\"slider-arrows\"><\/div>\n            <div class=\"slider-dots\"><\/div>            <div class=\"overlay-label time-label featured-style\">\n                <div class=\"meta-item time\">\n                    <time class=\"published\" datetime=\"2023-03-24T08:50:29+00:00\">\n                        <span class=\"month\">m\u00e1rc<\/span> <span class=\"day\">24<\/span>\n                    <\/time>\n                <\/div>\n            <\/div>        <\/div>\n    <div class=\"post-content\">\n        <header class=\"post-header\">            <div class=\"meta-wrap\">\t\t\t<div class=\"cat-links\"><a href=\"https:\/\/andrassythaihotel.com\/hu\/category\/sightseeing\/\" rel=\"tag\">V\u00e1rosn\u00e9z\u00e9s<\/a> <a href=\"https:\/\/andrassythaihotel.com\/hu\/category\/wellness\/\" rel=\"tag\">Wellness<\/a><\/div>            <\/div>    <h2 class=\"post-title\">\n        <a href=\"https:\/\/andrassythaihotel.com\/hu\/2023\/03\/24\/city-skyline-in-summer\/\">V\u00e1rosi \u00e9gbolt ny\u00e1ron<\/a>\n    <\/h2>        <\/header>\t\t<div class=\"post-excerpt\"><p>Lorem ipsum dolor sit amet, consectetuer adipiscing elit. Aenean commodo ligula eget dolor. Aenean massa. Cum sociis natoque penatibus et magnis dis parturient montes, nascetur ...<\/p>\n<\/div>             <footer class=\"post-footer\">        <div class=\"more-btn\">\n            <a class=\"read-more-btn button cs-btn-underline\" href=\"https:\/\/andrassythaihotel.com\/hu\/2023\/03\/24\/city-skyline-in-summer\/\"><span>Olvass tov\u00e1bb<\/span><\/a>\n        <\/div>            <\/footer>    <\/div>\n<\/article>\n\n<article class=\"post-149 post type-post status-publish format-standard hentry category-dining category-news tag-dining-experience tag-food tag-special-events tag-summer\">\n    \n    <div class=\"post-content\">\n        <header class=\"post-header\">            <div class=\"meta-wrap\">\t\t\t<div class=\"cat-links\"><a href=\"https:\/\/andrassythaihotel.com\/hu\/category\/dining\/\" rel=\"tag\">\u00c9tkez\u00e9s<\/a> <a href=\"https:\/\/andrassythaihotel.com\/hu\/category\/news\/\" rel=\"tag\">H\u00edrek<\/a><\/div>            <\/div>    <h2 class=\"post-title\">\n        <a href=\"https:\/\/andrassythaihotel.com\/hu\/2023\/03\/18\/new-chef-and-spring-special-menu\/\">\u00daj s\u00e9f \u00e9s tavaszi men\u00fcaj\u00e1nlatok<\/a>\n    <\/h2>        <\/header>\t\t<div class=\"post-excerpt\"><p>Lorem ipsum dolor sit amet, consectetuer adipiscing elit. Aenean commodo ligula eget dolor. Aenean massa. Cum sociis natoque penatibus et magnis dis parturient montes, nascetur ...<\/p>\n<\/div>             <footer class=\"post-footer\">        <div class=\"more-btn\">\n            <a class=\"read-more-btn button cs-btn-underline\" href=\"https:\/\/andrassythaihotel.com\/hu\/2023\/03\/18\/new-chef-and-spring-special-menu\/\"><span>Olvass tov\u00e1bb<\/span><\/a>\n        <\/div>            <\/footer>    <\/div>\n<\/article>\n\n<article class=\"post-146 post type-post status-publish format-standard hentry category-dining category-news category-wellness tag-mountain tag-special-events tag-summer tag-winter\">\n    \n    <div class=\"post-content\">\n        <header class=\"post-header\">            <div class=\"meta-wrap\">\t\t\t<div class=\"cat-links\"><a href=\"https:\/\/andrassythaihotel.com\/hu\/category\/dining\/\" rel=\"tag\">\u00c9tkez\u00e9s<\/a> <a href=\"https:\/\/andrassythaihotel.com\/hu\/category\/news\/\" rel=\"tag\">H\u00edrek<\/a> <a href=\"https:\/\/andrassythaihotel.com\/hu\/category\/wellness\/\" rel=\"tag\">Wellness<\/a><\/div>            <\/div>    <h2 class=\"post-title\">\n        <a href=\"https:\/\/andrassythaihotel.com\/hu\/2023\/03\/15\/mountain-trail-and-fitness-centre\/\">Hegyi tan\u00f6sv\u00e9ny \u00e9s fitneszk\u00f6zpont<\/a>\n    <\/h2>        <\/header>\t\t<div class=\"post-excerpt\"><p>Lorem ipsum dolor sit amet, consectetuer adipiscing elit. Aenean commodo ligula eget dolor. Aenean massa. Cum sociis natoque penatibus et magnis dis parturient montes, nascetur ...<\/p>\n<\/div>             <footer class=\"post-footer\">        <div class=\"more-btn\">\n            <a class=\"read-more-btn button cs-btn-underline\" href=\"https:\/\/andrassythaihotel.com\/hu\/2023\/03\/15\/mountain-trail-and-fitness-centre\/\"><span>Olvass tov\u00e1bb<\/span><\/a>\n        <\/div>            <\/footer>    <\/div>\n<\/article>\n\t\t\t\t<\/div>\t\t<nav class=\"navigation pagination\">\n\t\t\t<div class=\"pagination-container load-more\">\n\t\t\t\t<h2 class=\"screen-reader-text\">Posts Navigation<\/h2>\n\t\t\t\t<a href=\"#\" data-no-post-text=\"No More Posts\" class=\"load-more-btn ajax manual\">\n\t\t\t\t\t<span class=\"btn-text\">Load More Posts<\/span>\n\t\t\t\t\t<span class=\"loading-text\">Loading...<\/span>\n\t\t\t\t<\/a>\n\t\t\t<\/div>\n\t\t<\/nav>\t\t\t\t<\/div>\t\t<\/div>\n\t\t\t\t<\/div>\n\t\t\t\t\t<\/div>\n\t\t<\/div>\n\t\t\t\t\t<\/div>\n\t\t<\/section>\n\t\t\t\t<\/div>","protected":false},"excerpt":{"rendered":"<p>Our Blog Check out the latest news and events of the hotel Mar 24 Sightseeing Wellness City skyline in summer Lorem ipsum dolor sit amet, consectetuer adipiscing elit. Aenean commodo ligula eget dolor. Aenean massa. Cum sociis natoque penatibus et magnis dis parturient montes, nascetur &#8230; Read More Mar 18 Dining News New chef and &#8230;<\/p>","protected":false},"author":1,"featured_media":0,"parent":0,"menu_order":0,"comment_status":"closed","ping_status":"closed","template":"template-wide-content.php","meta":{"cozystay_single_page_hide_site_header":"","cozystay_single_page_site_header_source":"","cozystay_single_page_custom_site_header":"0","cozystay_single_page_custom_sticky_site_header":"0","cozystay_single_page_hide_page_title":"on","cozystay_single_page_header_section_size":"","cozystay_single_page_header_background_color":"","cozystay_single_page_header_background_position_x":"center","cozystay_single_page_header_background_position_y":"center","cozystay_single_page_header_background_size":"cover","cozystay_single_page_header_background_repeat":"off","cozystay_single_page_header_background_scroll":"on","cozystay_single_page_header_text_color":"","cozystay_single_page_header_show_breadcrumb":"","cozystay_single_page_site_footer_hide_main":"","cozystay_single_custom_site_footer_main_source":"","cozystay_single_custom_site_footer_main":"0","cozystay_single_page_site_footer_hide_above":"","cozystay_single_custom_site_footer_above_source":"","cozystay_single_custom_site_footer_above":"0","cozystay_single_page_site_footer_hide_instagram":"","cozystay_single_page_site_footer_hide_bottom":"","cozystay_single_custom_mobile_menu_source":"","cozystay_single_custom_mobile_menu":"0","cozystay_single_custom_mobile_menu_animation":"","cozystay_single_custom_mobile_menu_width":"","cozystay_single_custom_mobile_menu_custom_width":375,"footnotes":""},"class_list":["post-1002","page","type-page","status-publish","hentry"],"_links":{"self":[{"href":"https:\/\/andrassythaihotel.com\/hu\/wp-json\/wp\/v2\/pages\/1002"}],"collection":[{"href":"https:\/\/andrassythaihotel.com\/hu\/wp-json\/wp\/v2\/pages"}],"about":[{"href":"https:\/\/andrassythaihotel.com\/hu\/wp-json\/wp\/v2\/types\/page"}],"author":[{"embeddable":true,"href":"https:\/\/andrassythaihotel.com\/hu\/wp-json\/wp\/v2\/users\/1"}],"replies":[{"embeddable":true,"href":"https:\/\/andrassythaihotel.com\/hu\/wp-json\/wp\/v2\/comments?post=1002"}],"version-history":[{"count":1,"href":"https:\/\/andrassythaihotel.com\/hu\/wp-json\/wp\/v2\/pages\/1002\/revisions"}],"predecessor-version":[{"id":1739,"href":"https:\/\/andrassythaihotel.com\/hu\/wp-json\/wp\/v2\/pages\/1002\/revisions\/1739"}],"wp:attachment":[{"href":"https:\/\/andrassythaihotel.com\/hu\/wp-json\/wp\/v2\/media?parent=1002"}],"curies":[{"name":"wp","href":"https:\/\/api.w.org\/{rel}","templated":true}]}}